{"id":1222,"date":"2021-05-06T23:17:17","date_gmt":"2021-05-07T04:17:17","guid":{"rendered":"https:\/\/centraldequimicos.com\/home\/?post_type=product&#038;p=1222"},"modified":"2021-05-14T00:40:49","modified_gmt":"2021-05-14T05:40:49","slug":"xileno","status":"publish","type":"product","link":"https:\/\/centraldequimicos.com\/home\/producto\/xileno\/","title":{"rendered":"Xileno"},"content":{"rendered":"","protected":false},"excerpt":{"rendered":"<h4>Se utiliza en la fabricaci\u00f3n de productos de limpieza y cuidado personal, pl\u00e1sticos, poliuretanos, recubrimientos, elast\u00f3meros, industria qu\u00edmica, tratamiento de aguas, anh\u00eddrido ft\u00e1lico y combustibles. Elaboraci\u00f3n de pinturas, lacas, barnices, esmaltes y thinners. Disolvente para resinas sint\u00e9ticas. formulaci\u00f3n de agroqu\u00edmicos y productos para el hogar, art\u00edculos de caucho. Disolvente en la imprenta y en las industrias de caucho y cuero.<\/h4>\n","protected":false},"featured_media":1223,"template":"","meta":[],"product_brand":[],"product_cat":[29,33,28,24,26,35,30,32],"product_tag":[],"class_list":{"0":"post-1222","1":"product","2":"type-product","3":"status-publish","4":"has-post-thumbnail","6":"product_cat-agroindustria","7":"product_cat-cosmeticos","8":"product_cat-farmaceuticos","9":"product_cat-limpieza","10":"product_cat-petroleo-y-gas","11":"product_cat-pinturas","12":"product_cat-plasticos-y-cauchos","13":"product_cat-textiles","15":"first","16":"instock","17":"shipping-taxable","18":"product-type-simple"},"_links":{"self":[{"href":"https:\/\/centraldequimicos.com\/home\/wp-json\/wp\/v2\/product\/1222","targetHints":{"allow":["GET"]}}],"collection":[{"href":"https:\/\/centraldequimicos.com\/home\/wp-json\/wp\/v2\/product"}],"about":[{"href":"https:\/\/centraldequimicos.com\/home\/wp-json\/wp\/v2\/types\/product"}],"wp:featuredmedia":[{"embeddable":true,"href":"https:\/\/centraldequimicos.com\/home\/wp-json\/wp\/v2\/media\/1223"}],"wp:attachment":[{"href":"https:\/\/centraldequimicos.com\/home\/wp-json\/wp\/v2\/media?parent=1222"}],"wp:term":[{"taxonomy":"product_brand","embeddable":true,"href":"https:\/\/centraldequimicos.com\/home\/wp-json\/wp\/v2\/product_brand?post=1222"},{"taxonomy":"product_cat","embeddable":true,"href":"https:\/\/centraldequimicos.com\/home\/wp-json\/wp\/v2\/product_cat?post=1222"},{"taxonomy":"product_tag","embeddable":true,"href":"https:\/\/centraldequimicos.com\/home\/wp-json\/wp\/v2\/product_tag?post=1222"}],"curies":[{"name":"wp","href":"https:\/\/api.w.org\/{rel}","templated":true}]}}