{"id":1220,"date":"2021-05-06T23:06:15","date_gmt":"2021-05-07T04:06:15","guid":{"rendered":"https:\/\/centraldequimicos.com\/home\/?post_type=product&#038;p=1220"},"modified":"2021-05-14T00:38:56","modified_gmt":"2021-05-14T05:38:56","slug":"tolueno","status":"publish","type":"product","link":"https:\/\/centraldequimicos.com\/home\/producto\/tolueno\/","title":{"rendered":"Tolueno"},"content":{"rendered":"","protected":false},"excerpt":{"rendered":"<h4>Se utiliza para la producci\u00f3n de pinturas, caucho, lacas, pegamentos y adhesivos. El tolueno se adiciona a los combustibles, disolvente para pinturas, revestimientos, resinas, diluyente en lacas nitro celul\u00f3sicas. Se utiliza en la manufactura de \u00e1cido benzoico, benzaldeh\u00eddo y otros compuestos org\u00e1nicos. Solvente, detergentes y cuidado personal, pl\u00e1sticos y poliuretanos, recubrimientos, elast\u00f3meros &amp; industria qu\u00edmica, textiles, curtiembres y tintas.<\/h4>\n","protected":false},"featured_media":1221,"template":"","meta":[],"product_brand":[],"product_cat":[31,33,34,24,26,35,30,32],"product_tag":[],"class_list":{"0":"post-1220","1":"product","2":"type-product","3":"status-publish","4":"has-post-thumbnail","6":"product_cat-alimenticios","7":"product_cat-cosmeticos","8":"product_cat-impresion-y-empaques","9":"product_cat-limpieza","10":"product_cat-petroleo-y-gas","11":"product_cat-pinturas","12":"product_cat-plasticos-y-cauchos","13":"product_cat-textiles","15":"first","16":"instock","17":"shipping-taxable","18":"product-type-simple"},"_links":{"self":[{"href":"https:\/\/centraldequimicos.com\/home\/wp-json\/wp\/v2\/product\/1220","targetHints":{"allow":["GET"]}}],"collection":[{"href":"https:\/\/centraldequimicos.com\/home\/wp-json\/wp\/v2\/product"}],"about":[{"href":"https:\/\/centraldequimicos.com\/home\/wp-json\/wp\/v2\/types\/product"}],"wp:featuredmedia":[{"embeddable":true,"href":"https:\/\/centraldequimicos.com\/home\/wp-json\/wp\/v2\/media\/1221"}],"wp:attachment":[{"href":"https:\/\/centraldequimicos.com\/home\/wp-json\/wp\/v2\/media?parent=1220"}],"wp:term":[{"taxonomy":"product_brand","embeddable":true,"href":"https:\/\/centraldequimicos.com\/home\/wp-json\/wp\/v2\/product_brand?post=1220"},{"taxonomy":"product_cat","embeddable":true,"href":"https:\/\/centraldequimicos.com\/home\/wp-json\/wp\/v2\/product_cat?post=1220"},{"taxonomy":"product_tag","embeddable":true,"href":"https:\/\/centraldequimicos.com\/home\/wp-json\/wp\/v2\/product_tag?post=1220"}],"curies":[{"name":"wp","href":"https:\/\/api.w.org\/{rel}","templated":true}]}}