{"id":1216,"date":"2021-05-06T23:00:57","date_gmt":"2021-05-07T04:00:57","guid":{"rendered":"https:\/\/centraldequimicos.com\/home\/?post_type=product&#038;p=1216"},"modified":"2021-05-14T00:37:23","modified_gmt":"2021-05-14T05:37:23","slug":"thinner-acrilico","status":"publish","type":"product","link":"https:\/\/centraldequimicos.com\/home\/producto\/thinner-acrilico\/","title":{"rendered":"Thinner Acrilico"},"content":{"rendered":"","protected":false},"excerpt":{"rendered":"<h4>L\u00edquido incoloro, de olor caracter\u00edstico el cual es conocido tambi\u00e9n como diluyente o adelgazador de pinturas, ha sido dise\u00f1ado para disolver, diluir o adelgazar sustancias como las pinturas, los esmaltes acr\u00edlicos, las lacas automotivas y los barnices, proporcion\u00e1ndoles una alta calidad al ser aplicadas.<\/h4>\n","protected":false},"featured_media":1217,"template":"","meta":[],"product_brand":[],"product_cat":[28,26,35],"product_tag":[],"class_list":{"0":"post-1216","1":"product","2":"type-product","3":"status-publish","4":"has-post-thumbnail","6":"product_cat-farmaceuticos","7":"product_cat-petroleo-y-gas","8":"product_cat-pinturas","10":"first","11":"instock","12":"shipping-taxable","13":"product-type-simple"},"_links":{"self":[{"href":"https:\/\/centraldequimicos.com\/home\/wp-json\/wp\/v2\/product\/1216","targetHints":{"allow":["GET"]}}],"collection":[{"href":"https:\/\/centraldequimicos.com\/home\/wp-json\/wp\/v2\/product"}],"about":[{"href":"https:\/\/centraldequimicos.com\/home\/wp-json\/wp\/v2\/types\/product"}],"wp:featuredmedia":[{"embeddable":true,"href":"https:\/\/centraldequimicos.com\/home\/wp-json\/wp\/v2\/media\/1217"}],"wp:attachment":[{"href":"https:\/\/centraldequimicos.com\/home\/wp-json\/wp\/v2\/media?parent=1216"}],"wp:term":[{"taxonomy":"product_brand","embeddable":true,"href":"https:\/\/centraldequimicos.com\/home\/wp-json\/wp\/v2\/product_brand?post=1216"},{"taxonomy":"product_cat","embeddable":true,"href":"https:\/\/centraldequimicos.com\/home\/wp-json\/wp\/v2\/product_cat?post=1216"},{"taxonomy":"product_tag","embeddable":true,"href":"https:\/\/centraldequimicos.com\/home\/wp-json\/wp\/v2\/product_tag?post=1216"}],"curies":[{"name":"wp","href":"https:\/\/api.w.org\/{rel}","templated":true}]}}