{"id":1212,"date":"2021-05-06T22:55:25","date_gmt":"2021-05-07T03:55:25","guid":{"rendered":"https:\/\/centraldequimicos.com\/home\/?post_type=product&#038;p=1212"},"modified":"2021-05-14T00:35:23","modified_gmt":"2021-05-14T05:35:23","slug":"solvesso-150","status":"publish","type":"product","link":"https:\/\/centraldequimicos.com\/home\/producto\/solvesso-150\/","title":{"rendered":"Solvesso 150"},"content":{"rendered":"","protected":false},"excerpt":{"rendered":"<h4>Se emplea en la fabricaci\u00f3n de detergentes y cuidado personal, pl\u00e1sticos y poliuretanos, recubrimientos, elast\u00f3meros e industria qu\u00edmica.<\/h4>\n","protected":false},"featured_media":1213,"template":"","meta":[],"product_brand":[],"product_cat":[33,24,35,30],"product_tag":[],"class_list":{"0":"post-1212","1":"product","2":"type-product","3":"status-publish","4":"has-post-thumbnail","6":"product_cat-cosmeticos","7":"product_cat-limpieza","8":"product_cat-pinturas","9":"product_cat-plasticos-y-cauchos","11":"first","12":"instock","13":"shipping-taxable","14":"product-type-simple"},"_links":{"self":[{"href":"https:\/\/centraldequimicos.com\/home\/wp-json\/wp\/v2\/product\/1212","targetHints":{"allow":["GET"]}}],"collection":[{"href":"https:\/\/centraldequimicos.com\/home\/wp-json\/wp\/v2\/product"}],"about":[{"href":"https:\/\/centraldequimicos.com\/home\/wp-json\/wp\/v2\/types\/product"}],"wp:featuredmedia":[{"embeddable":true,"href":"https:\/\/centraldequimicos.com\/home\/wp-json\/wp\/v2\/media\/1213"}],"wp:attachment":[{"href":"https:\/\/centraldequimicos.com\/home\/wp-json\/wp\/v2\/media?parent=1212"}],"wp:term":[{"taxonomy":"product_brand","embeddable":true,"href":"https:\/\/centraldequimicos.com\/home\/wp-json\/wp\/v2\/product_brand?post=1212"},{"taxonomy":"product_cat","embeddable":true,"href":"https:\/\/centraldequimicos.com\/home\/wp-json\/wp\/v2\/product_cat?post=1212"},{"taxonomy":"product_tag","embeddable":true,"href":"https:\/\/centraldequimicos.com\/home\/wp-json\/wp\/v2\/product_tag?post=1212"}],"curies":[{"name":"wp","href":"https:\/\/api.w.org\/{rel}","templated":true}]}}