{"id":1208,"date":"2021-05-06T22:50:22","date_gmt":"2021-05-07T03:50:22","guid":{"rendered":"https:\/\/centraldequimicos.com\/home\/?post_type=product&#038;p=1208"},"modified":"2021-05-14T00:34:24","modified_gmt":"2021-05-14T05:34:24","slug":"soda-caustica","status":"publish","type":"product","link":"https:\/\/centraldequimicos.com\/home\/producto\/soda-caustica\/","title":{"rendered":"Soda C\u00e1ustica"},"content":{"rendered":"","protected":false},"excerpt":{"rendered":"<h4>Se utiliza como base qu\u00edmica en el sector industrial para la fabricaci\u00f3n de productos de limpieza y aseo personal. En la industria qu\u00edmica, tratamientos de agua, fabricaci\u00f3n de productos qu\u00edmicos, etc.<\/h4>\n","protected":false},"featured_media":1209,"template":"","meta":[],"product_brand":[],"product_cat":[29,31,24,25,26,35,32],"product_tag":[],"class_list":{"0":"post-1208","1":"product","2":"type-product","3":"status-publish","4":"has-post-thumbnail","6":"product_cat-agroindustria","7":"product_cat-alimenticios","8":"product_cat-limpieza","9":"product_cat-mineria","10":"product_cat-petroleo-y-gas","11":"product_cat-pinturas","12":"product_cat-textiles","14":"first","15":"instock","16":"shipping-taxable","17":"product-type-simple"},"_links":{"self":[{"href":"https:\/\/centraldequimicos.com\/home\/wp-json\/wp\/v2\/product\/1208","targetHints":{"allow":["GET"]}}],"collection":[{"href":"https:\/\/centraldequimicos.com\/home\/wp-json\/wp\/v2\/product"}],"about":[{"href":"https:\/\/centraldequimicos.com\/home\/wp-json\/wp\/v2\/types\/product"}],"wp:featuredmedia":[{"embeddable":true,"href":"https:\/\/centraldequimicos.com\/home\/wp-json\/wp\/v2\/media\/1209"}],"wp:attachment":[{"href":"https:\/\/centraldequimicos.com\/home\/wp-json\/wp\/v2\/media?parent=1208"}],"wp:term":[{"taxonomy":"product_brand","embeddable":true,"href":"https:\/\/centraldequimicos.com\/home\/wp-json\/wp\/v2\/product_brand?post=1208"},{"taxonomy":"product_cat","embeddable":true,"href":"https:\/\/centraldequimicos.com\/home\/wp-json\/wp\/v2\/product_cat?post=1208"},{"taxonomy":"product_tag","embeddable":true,"href":"https:\/\/centraldequimicos.com\/home\/wp-json\/wp\/v2\/product_tag?post=1208"}],"curies":[{"name":"wp","href":"https:\/\/api.w.org\/{rel}","templated":true}]}}