{"id":1206,"date":"2021-05-05T00:24:56","date_gmt":"2021-05-05T05:24:56","guid":{"rendered":"https:\/\/centraldequimicos.com\/home\/?post_type=product&#038;p=1206"},"modified":"2021-05-14T00:33:44","modified_gmt":"2021-05-14T05:33:44","slug":"silicon","status":"publish","type":"product","link":"https:\/\/centraldequimicos.com\/home\/producto\/silicon\/","title":{"rendered":"Silicon"},"content":{"rendered":"","protected":false},"excerpt":{"rendered":"<h4>Pol\u00edmero inodoro e incoloro, se utiliza para pegar o sellar materiales y cuya principal virtud es que mantiene cierta elasticidad una vez aplicada. Tiene aplicaciones industriales, como lubricantes, adhesivos, moldes, y en aplicaciones m\u00e9dicas y quir\u00fargicas, como pr\u00f3tesis valvulares, card\u00edacas, implantes de mamas, entre otras.<\/h4>\n","protected":false},"featured_media":1207,"template":"","meta":[],"product_brand":[],"product_cat":[33,28,24,27,30,32],"product_tag":[],"class_list":{"0":"post-1206","1":"product","2":"type-product","3":"status-publish","4":"has-post-thumbnail","6":"product_cat-cosmeticos","7":"product_cat-farmaceuticos","8":"product_cat-limpieza","9":"product_cat-lubricantes","10":"product_cat-plasticos-y-cauchos","11":"product_cat-textiles","13":"first","14":"instock","15":"shipping-taxable","16":"product-type-simple"},"_links":{"self":[{"href":"https:\/\/centraldequimicos.com\/home\/wp-json\/wp\/v2\/product\/1206","targetHints":{"allow":["GET"]}}],"collection":[{"href":"https:\/\/centraldequimicos.com\/home\/wp-json\/wp\/v2\/product"}],"about":[{"href":"https:\/\/centraldequimicos.com\/home\/wp-json\/wp\/v2\/types\/product"}],"wp:featuredmedia":[{"embeddable":true,"href":"https:\/\/centraldequimicos.com\/home\/wp-json\/wp\/v2\/media\/1207"}],"wp:attachment":[{"href":"https:\/\/centraldequimicos.com\/home\/wp-json\/wp\/v2\/media?parent=1206"}],"wp:term":[{"taxonomy":"product_brand","embeddable":true,"href":"https:\/\/centraldequimicos.com\/home\/wp-json\/wp\/v2\/product_brand?post=1206"},{"taxonomy":"product_cat","embeddable":true,"href":"https:\/\/centraldequimicos.com\/home\/wp-json\/wp\/v2\/product_cat?post=1206"},{"taxonomy":"product_tag","embeddable":true,"href":"https:\/\/centraldequimicos.com\/home\/wp-json\/wp\/v2\/product_tag?post=1206"}],"curies":[{"name":"wp","href":"https:\/\/api.w.org\/{rel}","templated":true}]}}