{"id":1196,"date":"2021-05-05T00:13:30","date_gmt":"2021-05-05T05:13:30","guid":{"rendered":"https:\/\/centraldequimicos.com\/home\/?post_type=product&#038;p=1196"},"modified":"2021-05-14T00:30:51","modified_gmt":"2021-05-14T05:30:51","slug":"mibk","status":"publish","type":"product","link":"https:\/\/centraldequimicos.com\/home\/producto\/mibk\/","title":{"rendered":"Mibk"},"content":{"rendered":"","protected":false},"excerpt":{"rendered":"<h4>Solvente para pinturas, barnices, nitrocelulosa, lacas, manufactura de alcohol am\u00edlico met\u00edlico, procesos de extracci\u00f3n incluyendo la extracci\u00f3n del uranio de los productos de fisi\u00f3n, en la s\u00edntesis org\u00e1nica, como desnaturalizante de alcohol. Industria pinturas, resinas y tintas.<\/h4>\n","protected":false},"featured_media":1197,"template":"","meta":[],"product_brand":[],"product_cat":[29,28,34,27,25,35],"product_tag":[],"class_list":{"0":"post-1196","1":"product","2":"type-product","3":"status-publish","4":"has-post-thumbnail","6":"product_cat-agroindustria","7":"product_cat-farmaceuticos","8":"product_cat-impresion-y-empaques","9":"product_cat-lubricantes","10":"product_cat-mineria","11":"product_cat-pinturas","13":"first","14":"instock","15":"shipping-taxable","16":"product-type-simple"},"_links":{"self":[{"href":"https:\/\/centraldequimicos.com\/home\/wp-json\/wp\/v2\/product\/1196","targetHints":{"allow":["GET"]}}],"collection":[{"href":"https:\/\/centraldequimicos.com\/home\/wp-json\/wp\/v2\/product"}],"about":[{"href":"https:\/\/centraldequimicos.com\/home\/wp-json\/wp\/v2\/types\/product"}],"wp:featuredmedia":[{"embeddable":true,"href":"https:\/\/centraldequimicos.com\/home\/wp-json\/wp\/v2\/media\/1197"}],"wp:attachment":[{"href":"https:\/\/centraldequimicos.com\/home\/wp-json\/wp\/v2\/media?parent=1196"}],"wp:term":[{"taxonomy":"product_brand","embeddable":true,"href":"https:\/\/centraldequimicos.com\/home\/wp-json\/wp\/v2\/product_brand?post=1196"},{"taxonomy":"product_cat","embeddable":true,"href":"https:\/\/centraldequimicos.com\/home\/wp-json\/wp\/v2\/product_cat?post=1196"},{"taxonomy":"product_tag","embeddable":true,"href":"https:\/\/centraldequimicos.com\/home\/wp-json\/wp\/v2\/product_tag?post=1196"}],"curies":[{"name":"wp","href":"https:\/\/api.w.org\/{rel}","templated":true}]}}