{"id":1194,"date":"2021-05-05T00:11:25","date_gmt":"2021-05-05T05:11:25","guid":{"rendered":"https:\/\/centraldequimicos.com\/home\/?post_type=product&#038;p=1194"},"modified":"2021-05-14T00:30:24","modified_gmt":"2021-05-14T05:30:24","slug":"metanol","status":"publish","type":"product","link":"https:\/\/centraldequimicos.com\/home\/producto\/metanol\/","title":{"rendered":"Metanol"},"content":{"rendered":"","protected":false},"excerpt":{"rendered":"<h4>Se usa principalmente como un disolvente industrial para facilitar la producci\u00f3n de tintas, resinas, adhesivos y colorantes. Asimismo, se usa como disolvente para la fabricaci\u00f3n de ingredientes y productos farmac\u00e9uticos importantes, como medicamentos para el colesterol, estreptomicina, vitaminas y hormonas. Industria de pinturas y tintas, Industria de celulosa y qu\u00edmica, combustibles.<\/h4>\n","protected":false},"featured_media":1195,"template":"","meta":[],"product_brand":[],"product_cat":[31,33,28,34,27,26,35],"product_tag":[],"class_list":{"0":"post-1194","1":"product","2":"type-product","3":"status-publish","4":"has-post-thumbnail","6":"product_cat-alimenticios","7":"product_cat-cosmeticos","8":"product_cat-farmaceuticos","9":"product_cat-impresion-y-empaques","10":"product_cat-lubricantes","11":"product_cat-petroleo-y-gas","12":"product_cat-pinturas","14":"first","15":"instock","16":"shipping-taxable","17":"product-type-simple"},"_links":{"self":[{"href":"https:\/\/centraldequimicos.com\/home\/wp-json\/wp\/v2\/product\/1194","targetHints":{"allow":["GET"]}}],"collection":[{"href":"https:\/\/centraldequimicos.com\/home\/wp-json\/wp\/v2\/product"}],"about":[{"href":"https:\/\/centraldequimicos.com\/home\/wp-json\/wp\/v2\/types\/product"}],"wp:featuredmedia":[{"embeddable":true,"href":"https:\/\/centraldequimicos.com\/home\/wp-json\/wp\/v2\/media\/1195"}],"wp:attachment":[{"href":"https:\/\/centraldequimicos.com\/home\/wp-json\/wp\/v2\/media?parent=1194"}],"wp:term":[{"taxonomy":"product_brand","embeddable":true,"href":"https:\/\/centraldequimicos.com\/home\/wp-json\/wp\/v2\/product_brand?post=1194"},{"taxonomy":"product_cat","embeddable":true,"href":"https:\/\/centraldequimicos.com\/home\/wp-json\/wp\/v2\/product_cat?post=1194"},{"taxonomy":"product_tag","embeddable":true,"href":"https:\/\/centraldequimicos.com\/home\/wp-json\/wp\/v2\/product_tag?post=1194"}],"curies":[{"name":"wp","href":"https:\/\/api.w.org\/{rel}","templated":true}]}}