{"id":1190,"date":"2021-05-04T23:57:34","date_gmt":"2021-05-05T04:57:34","guid":{"rendered":"https:\/\/centraldequimicos.com\/home\/?post_type=product&#038;p=1190"},"modified":"2021-05-14T00:29:14","modified_gmt":"2021-05-14T05:29:14","slug":"mek","status":"publish","type":"product","link":"https:\/\/centraldequimicos.com\/home\/producto\/mek\/","title":{"rendered":"Mek"},"content":{"rendered":"","protected":false},"excerpt":{"rendered":"<h4>L\u00edquido incoloro con un arom\u00e1tico olor a menta. Se utiliza como solvente y en la fabricaci\u00f3n de pl\u00e1sticos, textiles y pinturas.<\/h4>\n","protected":false},"featured_media":1191,"template":"","meta":[],"product_brand":[],"product_cat":[31,33,28,34,24,27,25,35],"product_tag":[],"class_list":{"0":"post-1190","1":"product","2":"type-product","3":"status-publish","4":"has-post-thumbnail","6":"product_cat-alimenticios","7":"product_cat-cosmeticos","8":"product_cat-farmaceuticos","9":"product_cat-impresion-y-empaques","10":"product_cat-limpieza","11":"product_cat-lubricantes","12":"product_cat-mineria","13":"product_cat-pinturas","15":"first","16":"instock","17":"shipping-taxable","18":"product-type-simple"},"_links":{"self":[{"href":"https:\/\/centraldequimicos.com\/home\/wp-json\/wp\/v2\/product\/1190","targetHints":{"allow":["GET"]}}],"collection":[{"href":"https:\/\/centraldequimicos.com\/home\/wp-json\/wp\/v2\/product"}],"about":[{"href":"https:\/\/centraldequimicos.com\/home\/wp-json\/wp\/v2\/types\/product"}],"wp:featuredmedia":[{"embeddable":true,"href":"https:\/\/centraldequimicos.com\/home\/wp-json\/wp\/v2\/media\/1191"}],"wp:attachment":[{"href":"https:\/\/centraldequimicos.com\/home\/wp-json\/wp\/v2\/media?parent=1190"}],"wp:term":[{"taxonomy":"product_brand","embeddable":true,"href":"https:\/\/centraldequimicos.com\/home\/wp-json\/wp\/v2\/product_brand?post=1190"},{"taxonomy":"product_cat","embeddable":true,"href":"https:\/\/centraldequimicos.com\/home\/wp-json\/wp\/v2\/product_cat?post=1190"},{"taxonomy":"product_tag","embeddable":true,"href":"https:\/\/centraldequimicos.com\/home\/wp-json\/wp\/v2\/product_tag?post=1190"}],"curies":[{"name":"wp","href":"https:\/\/api.w.org\/{rel}","templated":true}]}}