{"id":1188,"date":"2021-05-04T23:54:32","date_gmt":"2021-05-05T04:54:32","guid":{"rendered":"https:\/\/centraldequimicos.com\/home\/?post_type=product&#038;p=1188"},"modified":"2021-05-14T00:28:52","modified_gmt":"2021-05-14T05:28:52","slug":"mea","status":"publish","type":"product","link":"https:\/\/centraldequimicos.com\/home\/producto\/mea\/","title":{"rendered":"Mea"},"content":{"rendered":"","protected":false},"excerpt":{"rendered":"<h4>Compuesto qu\u00edmico org\u00e1nico que es tanto una amina primaria, como un alcohol primario. Se utiliza para fabricar jab\u00f3n y detergentes, tinta, tinturas, caucho. Tambi\u00e9n se mezcla con boro para su mejor asimilaci\u00f3n en agricultura.<\/h4>\n","protected":false},"featured_media":1189,"template":"","meta":[],"product_brand":[],"product_cat":[29,33,28,34,24,26,30,32],"product_tag":[],"class_list":{"0":"post-1188","1":"product","2":"type-product","3":"status-publish","4":"has-post-thumbnail","6":"product_cat-agroindustria","7":"product_cat-cosmeticos","8":"product_cat-farmaceuticos","9":"product_cat-impresion-y-empaques","10":"product_cat-limpieza","11":"product_cat-petroleo-y-gas","12":"product_cat-plasticos-y-cauchos","13":"product_cat-textiles","15":"first","16":"instock","17":"shipping-taxable","18":"product-type-simple"},"_links":{"self":[{"href":"https:\/\/centraldequimicos.com\/home\/wp-json\/wp\/v2\/product\/1188","targetHints":{"allow":["GET"]}}],"collection":[{"href":"https:\/\/centraldequimicos.com\/home\/wp-json\/wp\/v2\/product"}],"about":[{"href":"https:\/\/centraldequimicos.com\/home\/wp-json\/wp\/v2\/types\/product"}],"wp:featuredmedia":[{"embeddable":true,"href":"https:\/\/centraldequimicos.com\/home\/wp-json\/wp\/v2\/media\/1189"}],"wp:attachment":[{"href":"https:\/\/centraldequimicos.com\/home\/wp-json\/wp\/v2\/media?parent=1188"}],"wp:term":[{"taxonomy":"product_brand","embeddable":true,"href":"https:\/\/centraldequimicos.com\/home\/wp-json\/wp\/v2\/product_brand?post=1188"},{"taxonomy":"product_cat","embeddable":true,"href":"https:\/\/centraldequimicos.com\/home\/wp-json\/wp\/v2\/product_cat?post=1188"},{"taxonomy":"product_tag","embeddable":true,"href":"https:\/\/centraldequimicos.com\/home\/wp-json\/wp\/v2\/product_tag?post=1188"}],"curies":[{"name":"wp","href":"https:\/\/api.w.org\/{rel}","templated":true}]}}