{"id":1182,"date":"2021-05-04T23:45:10","date_gmt":"2021-05-05T04:45:10","guid":{"rendered":"https:\/\/centraldequimicos.com\/home\/?post_type=product&#038;p=1182"},"modified":"2021-05-14T00:26:37","modified_gmt":"2021-05-14T05:26:37","slug":"ether-lauril-sulfato","status":"publish","type":"product","link":"https:\/\/centraldequimicos.com\/home\/producto\/ether-lauril-sulfato\/","title":{"rendered":"Ether Lauril Sulfato"},"content":{"rendered":"","protected":false},"excerpt":{"rendered":"<h4>Detergente ani\u00f3nico que es efectivo tanto en medio \u00e1cido como en medio b\u00e1sico y tambi\u00e9n en agua dura. Se usa en limpieza y cuidado personal.<\/h4>\n","protected":false},"featured_media":1183,"template":"","meta":[],"product_brand":[],"product_cat":[33,24],"product_tag":[],"class_list":{"0":"post-1182","1":"product","2":"type-product","3":"status-publish","4":"has-post-thumbnail","6":"product_cat-cosmeticos","7":"product_cat-limpieza","9":"first","10":"instock","11":"shipping-taxable","12":"product-type-simple"},"_links":{"self":[{"href":"https:\/\/centraldequimicos.com\/home\/wp-json\/wp\/v2\/product\/1182","targetHints":{"allow":["GET"]}}],"collection":[{"href":"https:\/\/centraldequimicos.com\/home\/wp-json\/wp\/v2\/product"}],"about":[{"href":"https:\/\/centraldequimicos.com\/home\/wp-json\/wp\/v2\/types\/product"}],"wp:featuredmedia":[{"embeddable":true,"href":"https:\/\/centraldequimicos.com\/home\/wp-json\/wp\/v2\/media\/1183"}],"wp:attachment":[{"href":"https:\/\/centraldequimicos.com\/home\/wp-json\/wp\/v2\/media?parent=1182"}],"wp:term":[{"taxonomy":"product_brand","embeddable":true,"href":"https:\/\/centraldequimicos.com\/home\/wp-json\/wp\/v2\/product_brand?post=1182"},{"taxonomy":"product_cat","embeddable":true,"href":"https:\/\/centraldequimicos.com\/home\/wp-json\/wp\/v2\/product_cat?post=1182"},{"taxonomy":"product_tag","embeddable":true,"href":"https:\/\/centraldequimicos.com\/home\/wp-json\/wp\/v2\/product_tag?post=1182"}],"curies":[{"name":"wp","href":"https:\/\/api.w.org\/{rel}","templated":true}]}}