{"id":1180,"date":"2021-05-04T23:42:12","date_gmt":"2021-05-05T04:42:12","guid":{"rendered":"https:\/\/centraldequimicos.com\/home\/?post_type=product&#038;p=1180"},"modified":"2021-05-14T00:25:50","modified_gmt":"2021-05-14T05:25:50","slug":"dowanol-pma","status":"publish","type":"product","link":"https:\/\/centraldequimicos.com\/home\/producto\/dowanol-pma\/","title":{"rendered":"Dowanol Pma"},"content":{"rendered":"","protected":false},"excerpt":{"rendered":"<h4>Es un disolvente de evaporaci\u00f3n r\u00e1pida que tiene la viscosidad m\u00e1s baja de la l\u00ednea de productos Dowanol. Excelente como disolvente para uretanos y otros sistemas de protones sensible. Adem\u00e1s, es utilizado para la elaboraci\u00f3n de todo tipo de recubrimientos, embalaje de metal y huecograbado.<\/h4>\n","protected":false},"featured_media":1181,"template":"","meta":[],"product_brand":[],"product_cat":[34,27,25,26,35],"product_tag":[],"class_list":{"0":"post-1180","1":"product","2":"type-product","3":"status-publish","4":"has-post-thumbnail","6":"product_cat-impresion-y-empaques","7":"product_cat-lubricantes","8":"product_cat-mineria","9":"product_cat-petroleo-y-gas","10":"product_cat-pinturas","12":"first","13":"instock","14":"shipping-taxable","15":"product-type-simple"},"_links":{"self":[{"href":"https:\/\/centraldequimicos.com\/home\/wp-json\/wp\/v2\/product\/1180","targetHints":{"allow":["GET"]}}],"collection":[{"href":"https:\/\/centraldequimicos.com\/home\/wp-json\/wp\/v2\/product"}],"about":[{"href":"https:\/\/centraldequimicos.com\/home\/wp-json\/wp\/v2\/types\/product"}],"wp:featuredmedia":[{"embeddable":true,"href":"https:\/\/centraldequimicos.com\/home\/wp-json\/wp\/v2\/media\/1181"}],"wp:attachment":[{"href":"https:\/\/centraldequimicos.com\/home\/wp-json\/wp\/v2\/media?parent=1180"}],"wp:term":[{"taxonomy":"product_brand","embeddable":true,"href":"https:\/\/centraldequimicos.com\/home\/wp-json\/wp\/v2\/product_brand?post=1180"},{"taxonomy":"product_cat","embeddable":true,"href":"https:\/\/centraldequimicos.com\/home\/wp-json\/wp\/v2\/product_cat?post=1180"},{"taxonomy":"product_tag","embeddable":true,"href":"https:\/\/centraldequimicos.com\/home\/wp-json\/wp\/v2\/product_tag?post=1180"}],"curies":[{"name":"wp","href":"https:\/\/api.w.org\/{rel}","templated":true}]}}