{"id":1160,"date":"2021-05-04T23:10:44","date_gmt":"2021-05-05T04:10:44","guid":{"rendered":"https:\/\/centraldequimicos.com\/home\/?post_type=product&#038;p=1160"},"modified":"2021-05-14T00:12:52","modified_gmt":"2021-05-14T05:12:52","slug":"alcohol-isopropilico","status":"publish","type":"product","link":"https:\/\/centraldequimicos.com\/home\/producto\/alcohol-isopropilico\/","title":{"rendered":"Alcohol Isoprop\u00edlico"},"content":{"rendered":"","protected":false},"excerpt":{"rendered":"<h4>Se utiliza como producto de limpieza para todo tipo de cristales y dispositivos electr\u00f3nicos. Adem\u00e1s, tambi\u00e9n puede ser utilizado como quitamanchas en casi todo tipo de tejidos, as\u00ed como en aplicaciones en la industria farmac\u00e9utica.<\/h4>\n","protected":false},"featured_media":1161,"template":"","meta":[],"product_brand":[],"product_cat":[33,28,34,24,27,26,32],"product_tag":[],"class_list":{"0":"post-1160","1":"product","2":"type-product","3":"status-publish","4":"has-post-thumbnail","6":"product_cat-cosmeticos","7":"product_cat-farmaceuticos","8":"product_cat-impresion-y-empaques","9":"product_cat-limpieza","10":"product_cat-lubricantes","11":"product_cat-petroleo-y-gas","12":"product_cat-textiles","14":"first","15":"instock","16":"shipping-taxable","17":"product-type-simple"},"_links":{"self":[{"href":"https:\/\/centraldequimicos.com\/home\/wp-json\/wp\/v2\/product\/1160","targetHints":{"allow":["GET"]}}],"collection":[{"href":"https:\/\/centraldequimicos.com\/home\/wp-json\/wp\/v2\/product"}],"about":[{"href":"https:\/\/centraldequimicos.com\/home\/wp-json\/wp\/v2\/types\/product"}],"wp:featuredmedia":[{"embeddable":true,"href":"https:\/\/centraldequimicos.com\/home\/wp-json\/wp\/v2\/media\/1161"}],"wp:attachment":[{"href":"https:\/\/centraldequimicos.com\/home\/wp-json\/wp\/v2\/media?parent=1160"}],"wp:term":[{"taxonomy":"product_brand","embeddable":true,"href":"https:\/\/centraldequimicos.com\/home\/wp-json\/wp\/v2\/product_brand?post=1160"},{"taxonomy":"product_cat","embeddable":true,"href":"https:\/\/centraldequimicos.com\/home\/wp-json\/wp\/v2\/product_cat?post=1160"},{"taxonomy":"product_tag","embeddable":true,"href":"https:\/\/centraldequimicos.com\/home\/wp-json\/wp\/v2\/product_tag?post=1160"}],"curies":[{"name":"wp","href":"https:\/\/api.w.org\/{rel}","templated":true}]}}