{"id":1154,"date":"2021-05-04T22:57:47","date_gmt":"2021-05-05T03:57:47","guid":{"rendered":"https:\/\/centraldequimicos.com\/home\/?post_type=product&#038;p=1154"},"modified":"2021-05-14T00:04:25","modified_gmt":"2021-05-14T05:04:25","slug":"acido-sulfurico","status":"publish","type":"product","link":"https:\/\/centraldequimicos.com\/home\/producto\/acido-sulfurico\/","title":{"rendered":"\u00c1cido Sulf\u00farico"},"content":{"rendered":"","protected":false},"excerpt":{"rendered":"<h4>Compuesto qu\u00edmico\u00a0extremadamente\u00a0corrosivo. Una gran parte se emplea en la obtenci\u00f3n de\u00a0fertilizantes. Tambi\u00e9n se usa para la s\u00edntesis de otros\u00a0\u00e1cidos\u00a0y\u00a0sulfatos y en la\u00a0industria petroqu\u00edmica. Adem\u00e1s, se utiliza en la refinaci\u00f3n del petr\u00f3leo, producci\u00f3n de pigmentos, tratamiento del acero, extracci\u00f3n de metales no ferrosos, manufactura de explosivos, productos de limpieza, pl\u00e1sticos, fibras, entre otras.<\/h4>\n","protected":false},"featured_media":1155,"template":"","meta":[],"product_brand":[],"product_cat":[29,28,24,25,26,30,32],"product_tag":[],"class_list":{"0":"post-1154","1":"product","2":"type-product","3":"status-publish","4":"has-post-thumbnail","6":"product_cat-agroindustria","7":"product_cat-farmaceuticos","8":"product_cat-limpieza","9":"product_cat-mineria","10":"product_cat-petroleo-y-gas","11":"product_cat-plasticos-y-cauchos","12":"product_cat-textiles","14":"first","15":"instock","16":"shipping-taxable","17":"product-type-simple"},"_links":{"self":[{"href":"https:\/\/centraldequimicos.com\/home\/wp-json\/wp\/v2\/product\/1154","targetHints":{"allow":["GET"]}}],"collection":[{"href":"https:\/\/centraldequimicos.com\/home\/wp-json\/wp\/v2\/product"}],"about":[{"href":"https:\/\/centraldequimicos.com\/home\/wp-json\/wp\/v2\/types\/product"}],"wp:featuredmedia":[{"embeddable":true,"href":"https:\/\/centraldequimicos.com\/home\/wp-json\/wp\/v2\/media\/1155"}],"wp:attachment":[{"href":"https:\/\/centraldequimicos.com\/home\/wp-json\/wp\/v2\/media?parent=1154"}],"wp:term":[{"taxonomy":"product_brand","embeddable":true,"href":"https:\/\/centraldequimicos.com\/home\/wp-json\/wp\/v2\/product_brand?post=1154"},{"taxonomy":"product_cat","embeddable":true,"href":"https:\/\/centraldequimicos.com\/home\/wp-json\/wp\/v2\/product_cat?post=1154"},{"taxonomy":"product_tag","embeddable":true,"href":"https:\/\/centraldequimicos.com\/home\/wp-json\/wp\/v2\/product_tag?post=1154"}],"curies":[{"name":"wp","href":"https:\/\/api.w.org\/{rel}","templated":true}]}}