{"id":1150,"date":"2021-05-04T00:33:01","date_gmt":"2021-05-04T05:33:01","guid":{"rendered":"https:\/\/centraldequimicos.com\/home\/?post_type=product&#038;p=1150"},"modified":"2021-05-14T00:03:41","modified_gmt":"2021-05-14T05:03:41","slug":"acido-oxalico","status":"publish","type":"product","link":"https:\/\/centraldequimicos.com\/home\/producto\/acido-oxalico\/","title":{"rendered":"\u00c1cido Ox\u00e1lico"},"content":{"rendered":"","protected":false},"excerpt":{"rendered":"<h4>Polvo o s\u00f3lido cristalino (como la arena) inodoro de incoloro a blanco. Se utiliza como agente desoxidante, para quitar manchas de tinta, limpieza de circuitos electr\u00f3nicos, pulidos de pisos de m\u00e1rmol, limpieza de barcos, entre otros.<\/h4>\n","protected":false},"featured_media":1151,"template":"","meta":[],"product_brand":[],"product_cat":[29,34,24,25,30,32],"product_tag":[],"class_list":{"0":"post-1150","1":"product","2":"type-product","3":"status-publish","4":"has-post-thumbnail","6":"product_cat-agroindustria","7":"product_cat-impresion-y-empaques","8":"product_cat-limpieza","9":"product_cat-mineria","10":"product_cat-plasticos-y-cauchos","11":"product_cat-textiles","13":"first","14":"instock","15":"shipping-taxable","16":"product-type-simple"},"_links":{"self":[{"href":"https:\/\/centraldequimicos.com\/home\/wp-json\/wp\/v2\/product\/1150","targetHints":{"allow":["GET"]}}],"collection":[{"href":"https:\/\/centraldequimicos.com\/home\/wp-json\/wp\/v2\/product"}],"about":[{"href":"https:\/\/centraldequimicos.com\/home\/wp-json\/wp\/v2\/types\/product"}],"wp:featuredmedia":[{"embeddable":true,"href":"https:\/\/centraldequimicos.com\/home\/wp-json\/wp\/v2\/media\/1151"}],"wp:attachment":[{"href":"https:\/\/centraldequimicos.com\/home\/wp-json\/wp\/v2\/media?parent=1150"}],"wp:term":[{"taxonomy":"product_brand","embeddable":true,"href":"https:\/\/centraldequimicos.com\/home\/wp-json\/wp\/v2\/product_brand?post=1150"},{"taxonomy":"product_cat","embeddable":true,"href":"https:\/\/centraldequimicos.com\/home\/wp-json\/wp\/v2\/product_cat?post=1150"},{"taxonomy":"product_tag","embeddable":true,"href":"https:\/\/centraldequimicos.com\/home\/wp-json\/wp\/v2\/product_tag?post=1150"}],"curies":[{"name":"wp","href":"https:\/\/api.w.org\/{rel}","templated":true}]}}