{"id":1148,"date":"2021-05-04T00:31:06","date_gmt":"2021-05-04T05:31:06","guid":{"rendered":"https:\/\/centraldequimicos.com\/home\/?post_type=product&#038;p=1148"},"modified":"2021-05-14T00:01:50","modified_gmt":"2021-05-14T05:01:50","slug":"acido-formico","status":"publish","type":"product","link":"https:\/\/centraldequimicos.com\/home\/producto\/acido-formico\/","title":{"rendered":"\u00c1cido F\u00f3rmico"},"content":{"rendered":"","protected":false},"excerpt":{"rendered":"<h4>L\u00edquido incoloro con un olor fuerte y penetrante. Se utiliza en el tinte y acabado\u00a0de\u00a0textiles y papeles, en el tratamiento\u00a0de\u00a0pieles, y en la elaboraci\u00f3n\u00a0de\u00a0muchas otras sustancias qu\u00edmicas.<\/h4>\n","protected":false},"featured_media":1149,"template":"","meta":[],"product_brand":[],"product_cat":[29,31,33,28,34,24,25,30,32],"product_tag":[],"class_list":{"0":"post-1148","1":"product","2":"type-product","3":"status-publish","4":"has-post-thumbnail","6":"product_cat-agroindustria","7":"product_cat-alimenticios","8":"product_cat-cosmeticos","9":"product_cat-farmaceuticos","10":"product_cat-impresion-y-empaques","11":"product_cat-limpieza","12":"product_cat-mineria","13":"product_cat-plasticos-y-cauchos","14":"product_cat-textiles","16":"first","17":"instock","18":"shipping-taxable","19":"product-type-simple"},"_links":{"self":[{"href":"https:\/\/centraldequimicos.com\/home\/wp-json\/wp\/v2\/product\/1148","targetHints":{"allow":["GET"]}}],"collection":[{"href":"https:\/\/centraldequimicos.com\/home\/wp-json\/wp\/v2\/product"}],"about":[{"href":"https:\/\/centraldequimicos.com\/home\/wp-json\/wp\/v2\/types\/product"}],"wp:featuredmedia":[{"embeddable":true,"href":"https:\/\/centraldequimicos.com\/home\/wp-json\/wp\/v2\/media\/1149"}],"wp:attachment":[{"href":"https:\/\/centraldequimicos.com\/home\/wp-json\/wp\/v2\/media?parent=1148"}],"wp:term":[{"taxonomy":"product_brand","embeddable":true,"href":"https:\/\/centraldequimicos.com\/home\/wp-json\/wp\/v2\/product_brand?post=1148"},{"taxonomy":"product_cat","embeddable":true,"href":"https:\/\/centraldequimicos.com\/home\/wp-json\/wp\/v2\/product_cat?post=1148"},{"taxonomy":"product_tag","embeddable":true,"href":"https:\/\/centraldequimicos.com\/home\/wp-json\/wp\/v2\/product_tag?post=1148"}],"curies":[{"name":"wp","href":"https:\/\/api.w.org\/{rel}","templated":true}]}}