{"id":1146,"date":"2021-05-04T00:28:57","date_gmt":"2021-05-04T05:28:57","guid":{"rendered":"https:\/\/centraldequimicos.com\/home\/?post_type=product&#038;p=1146"},"modified":"2021-05-14T00:00:56","modified_gmt":"2021-05-14T05:00:56","slug":"acido-clorhidrico","status":"publish","type":"product","link":"https:\/\/centraldequimicos.com\/home\/producto\/acido-clorhidrico\/","title":{"rendered":"\u00c1cido Clorh\u00eddrico"},"content":{"rendered":"","protected":false},"excerpt":{"rendered":"<h4>Desincrustante para eliminar residuos de caliza, en s\u00edntesis, regeneraci\u00f3n de resinas de intercambio i\u00f3nico, en industria alimentaria y en metalurgia.<\/h4>\n","protected":false},"featured_media":1147,"template":"","meta":[],"product_brand":[],"product_cat":[31,24,25,26,35,32],"product_tag":[],"class_list":{"0":"post-1146","1":"product","2":"type-product","3":"status-publish","4":"has-post-thumbnail","6":"product_cat-alimenticios","7":"product_cat-limpieza","8":"product_cat-mineria","9":"product_cat-petroleo-y-gas","10":"product_cat-pinturas","11":"product_cat-textiles","13":"first","14":"instock","15":"featured","16":"shipping-taxable","17":"product-type-simple"},"_links":{"self":[{"href":"https:\/\/centraldequimicos.com\/home\/wp-json\/wp\/v2\/product\/1146","targetHints":{"allow":["GET"]}}],"collection":[{"href":"https:\/\/centraldequimicos.com\/home\/wp-json\/wp\/v2\/product"}],"about":[{"href":"https:\/\/centraldequimicos.com\/home\/wp-json\/wp\/v2\/types\/product"}],"wp:featuredmedia":[{"embeddable":true,"href":"https:\/\/centraldequimicos.com\/home\/wp-json\/wp\/v2\/media\/1147"}],"wp:attachment":[{"href":"https:\/\/centraldequimicos.com\/home\/wp-json\/wp\/v2\/media?parent=1146"}],"wp:term":[{"taxonomy":"product_brand","embeddable":true,"href":"https:\/\/centraldequimicos.com\/home\/wp-json\/wp\/v2\/product_brand?post=1146"},{"taxonomy":"product_cat","embeddable":true,"href":"https:\/\/centraldequimicos.com\/home\/wp-json\/wp\/v2\/product_cat?post=1146"},{"taxonomy":"product_tag","embeddable":true,"href":"https:\/\/centraldequimicos.com\/home\/wp-json\/wp\/v2\/product_tag?post=1146"}],"curies":[{"name":"wp","href":"https:\/\/api.w.org\/{rel}","templated":true}]}}