{"id":1144,"date":"2021-05-04T00:26:19","date_gmt":"2021-05-04T05:26:19","guid":{"rendered":"https:\/\/centraldequimicos.com\/home\/?post_type=product&#038;p=1144"},"modified":"2021-05-14T00:00:12","modified_gmt":"2021-05-14T05:00:12","slug":"acetona","status":"publish","type":"product","link":"https:\/\/centraldequimicos.com\/home\/producto\/acetona\/","title":{"rendered":"Acetona"},"content":{"rendered":"","protected":false},"excerpt":{"rendered":"<h4>Es un eficaz quitamanchas y quitaesmaltes. Tambi\u00e9n es un excelente disolvente de los\u00a0barnices\u00a0y pinturas. La acetona sintetizada se usa en la fabricaci\u00f3n de\u00a0pl\u00e1sticos,\u00a0fibras,\u00a0medicamentos\u00a0y otros productos qu\u00edmicos, as\u00ed como disolvente de otras sustancias qu\u00edmicas.<\/h4>\n","protected":false},"featured_media":1145,"template":"","meta":[],"product_brand":[],"product_cat":[31,33,28,24,35,30],"product_tag":[],"class_list":{"0":"post-1144","1":"product","2":"type-product","3":"status-publish","4":"has-post-thumbnail","6":"product_cat-alimenticios","7":"product_cat-cosmeticos","8":"product_cat-farmaceuticos","9":"product_cat-limpieza","10":"product_cat-pinturas","11":"product_cat-plasticos-y-cauchos","13":"first","14":"instock","15":"shipping-taxable","16":"product-type-simple"},"_links":{"self":[{"href":"https:\/\/centraldequimicos.com\/home\/wp-json\/wp\/v2\/product\/1144","targetHints":{"allow":["GET"]}}],"collection":[{"href":"https:\/\/centraldequimicos.com\/home\/wp-json\/wp\/v2\/product"}],"about":[{"href":"https:\/\/centraldequimicos.com\/home\/wp-json\/wp\/v2\/types\/product"}],"wp:featuredmedia":[{"embeddable":true,"href":"https:\/\/centraldequimicos.com\/home\/wp-json\/wp\/v2\/media\/1145"}],"wp:attachment":[{"href":"https:\/\/centraldequimicos.com\/home\/wp-json\/wp\/v2\/media?parent=1144"}],"wp:term":[{"taxonomy":"product_brand","embeddable":true,"href":"https:\/\/centraldequimicos.com\/home\/wp-json\/wp\/v2\/product_brand?post=1144"},{"taxonomy":"product_cat","embeddable":true,"href":"https:\/\/centraldequimicos.com\/home\/wp-json\/wp\/v2\/product_cat?post=1144"},{"taxonomy":"product_tag","embeddable":true,"href":"https:\/\/centraldequimicos.com\/home\/wp-json\/wp\/v2\/product_tag?post=1144"}],"curies":[{"name":"wp","href":"https:\/\/api.w.org\/{rel}","templated":true}]}}