{"id":1137,"date":"2021-05-03T23:34:34","date_gmt":"2021-05-04T04:34:34","guid":{"rendered":"https:\/\/centraldequimicos.com\/home\/?post_type=product&#038;p=1137"},"modified":"2021-05-14T00:39:38","modified_gmt":"2021-05-14T05:39:38","slug":"acetato-de-butilo","status":"publish","type":"product","link":"https:\/\/centraldequimicos.com\/home\/producto\/acetato-de-butilo\/","title":{"rendered":"Acetato De Butilo"},"content":{"rendered":"","protected":false},"excerpt":{"rendered":"<h4>Solvente de volatilidad media. L\u00edquido transparente, incoloro, de olor arom\u00e1tico; se utiliza como aromatizante de frutas sint\u00e9ticas en alimentos.\u00a0Tambi\u00e9n es utilizado a menudo como disolvente de alto punto de ebullici\u00f3n de\u00a0polaridad\u00a0moderada, en la industria de la fotograf\u00eda, cosm\u00e9ticos y aceites.<\/h4>\n","protected":false},"featured_media":1141,"template":"","meta":[],"product_brand":[],"product_cat":[31,33,28,34,35,30,32],"product_tag":[],"class_list":{"0":"post-1137","1":"product","2":"type-product","3":"status-publish","4":"has-post-thumbnail","6":"product_cat-alimenticios","7":"product_cat-cosmeticos","8":"product_cat-farmaceuticos","9":"product_cat-impresion-y-empaques","10":"product_cat-pinturas","11":"product_cat-plasticos-y-cauchos","12":"product_cat-textiles","14":"first","15":"instock","16":"virtual","17":"product-type-simple"},"_links":{"self":[{"href":"https:\/\/centraldequimicos.com\/home\/wp-json\/wp\/v2\/product\/1137","targetHints":{"allow":["GET"]}}],"collection":[{"href":"https:\/\/centraldequimicos.com\/home\/wp-json\/wp\/v2\/product"}],"about":[{"href":"https:\/\/centraldequimicos.com\/home\/wp-json\/wp\/v2\/types\/product"}],"wp:featuredmedia":[{"embeddable":true,"href":"https:\/\/centraldequimicos.com\/home\/wp-json\/wp\/v2\/media\/1141"}],"wp:attachment":[{"href":"https:\/\/centraldequimicos.com\/home\/wp-json\/wp\/v2\/media?parent=1137"}],"wp:term":[{"taxonomy":"product_brand","embeddable":true,"href":"https:\/\/centraldequimicos.com\/home\/wp-json\/wp\/v2\/product_brand?post=1137"},{"taxonomy":"product_cat","embeddable":true,"href":"https:\/\/centraldequimicos.com\/home\/wp-json\/wp\/v2\/product_cat?post=1137"},{"taxonomy":"product_tag","embeddable":true,"href":"https:\/\/centraldequimicos.com\/home\/wp-json\/wp\/v2\/product_tag?post=1137"}],"curies":[{"name":"wp","href":"https:\/\/api.w.org\/{rel}","templated":true}]}}